{"id":1678,"date":"2022-06-06T07:42:22","date_gmt":"2022-06-06T07:42:22","guid":{"rendered":"https:\/\/nicktesting.kinsta.cloud\/shopdiko1\/?page_id=10"},"modified":"2025-09-04T12:39:19","modified_gmt":"2025-09-04T12:39:19","slug":"carrito","status":"publish","type":"page","link":"https:\/\/greshop.es\/en\/carrito\/","title":{"rendered":"Carrito"},"content":{"rendered":"<div data-elementor-type=\"wp-page\" data-elementor-id=\"1678\" class=\"elementor elementor-1678\">\n\t\t\t\t<div class=\"elementor-element elementor-element-07ecd0a e-flex e-con-boxed wpr-particle-no wpr-jarallax-no wpr-parallax-no wpr-sticky-section-no e-con e-parent\" data-id=\"07ecd0a\" data-element_type=\"container\">\n\t\t\t\t\t<div class=\"e-con-inner\">\n\t\t<div class=\"elementor-element elementor-element-430153a e-con-full e-flex wpr-particle-no wpr-jarallax-no wpr-parallax-no wpr-sticky-section-no e-con e-child\" data-id=\"430153a\" data-element_type=\"container\">\n\t\t\t\t<div class=\"elementor-element elementor-element-45595df elementor-widget elementor-widget-heading\" data-id=\"45595df\" data-element_type=\"widget\" data-widget_type=\"heading.default\">\n\t\t\t\t\t<h2 class=\"elementor-heading-title elementor-size-default\">Carrito<\/h2>\t\t\t\t<\/div>\n\t\t\t\t<\/div>\n\t\t\t\t\t<\/div>\n\t\t\t\t<\/div>\n\t\t\t\t<\/div>","protected":false},"excerpt":{"rendered":"<p>Carrito &nbsp; Producto &nbsp; Precio Cantidad Subtotal &times; 2 proyectores LED para piscina elevadaEntrega estimada 2025\/09\/09 40,99&nbsp;&euro; 1 40,99&nbsp;&euro; &times; Reparadores de liner PVCEntrega estimada 2025\/09\/09 4,49&nbsp;&euro; 1 4,49&nbsp;&euro; &times; Piscina Gre Finlandia de acero con decoraci\u00f3n nordica KIT300N 300x300x120Entrega estimada 2025\/09\/09 1.249,00&nbsp;&euro; Piscina Gre Finlandia de acero con decoraci\u00f3n nordica KIT300N 300x300x120 cantidad 1.249,00&nbsp;&euro; Actualizar carrito Seleccione el m\u00e9todo de env\u00edo Subtotal 1.294,48&nbsp;&euro; Env\u00edo Envio GratisEstimated Delivery Date: 09.09.2025 Envio Estandart: 15,00&nbsp;&euro;Estimated Delivery Date: 09.09.2025 Enviar a Barcelona. Cambiar direcci\u00f3n Pa\u00eds \/ Regi\u00f3n Selecciona un pa\u00eds\/regi\u00f3n&hellip;Espa\u00f1a Regi\u00f3n \/ Provincia Elige una opci\u00f3n&hellip;La Coru\u00f1a\u00c1lavaAlbaceteAlicanteAlmer\u00edaAsturias\u00c1vilaBadajozBalearesBarcelonaBurgosC\u00e1ceresC\u00e1dizCantabriaCastell\u00f3nCeutaCiudad RealC\u00f3rdobaCuencaGeronaGranadaGuadalajaraGuip\u00fazcoaHuelvaHuescaJa\u00e9nLa RiojaLas PalmasLe\u00f3nL\u00e9ridaLugoMadridM\u00e1lagaMelillaMurciaNavarraOrensePalenciaPontevedraSalamancaSanta Cruz de TenerifeSegoviaSevillaSoriaTarragonaTeruelToledoValenciaValladolidVizcayaZamoraZaragoza Ciudad: C\u00f3digo postal: Actualizar Total 1.294,48&nbsp;&euro; Continuar<\/p>","protected":false},"author":3,"featured_media":0,"parent":0,"menu_order":0,"comment_status":"closed","ping_status":"closed","template":"elementor_canvas","meta":{"footnotes":""},"class_list":["post-1678","page","type-page","status-publish","hentry"],"yoast_head":"<!-- This site is optimized with the Yoast SEO plugin v25.8 - https:\/\/yoast.com\/wordpress\/plugins\/seo\/ -->\n<title>Carrito - Greshop<\/title>\n<meta name=\"robots\" content=\"index, follow, max-snippet:-1, max-image-preview:large, max-video-preview:-1\" \/>\n<link rel=\"canonical\" href=\"https:\/\/greshop.es\/en\/carrito\/\" \/>\n<meta property=\"og:locale\" content=\"en_US\" \/>\n<meta property=\"og:type\" content=\"article\" \/>\n<meta property=\"og:title\" content=\"Carrito - Greshop\" \/>\n<meta property=\"og:description\" content=\"Carrito &nbsp; Producto &nbsp; Precio Cantidad Subtotal &times; 2 proyectores LED para piscina elevadaEntrega estimada 2025\/09\/09 40,99&nbsp;&euro; 1 40,99&nbsp;&euro; &times; Reparadores de liner PVCEntrega estimada 2025\/09\/09 4,49&nbsp;&euro; 1 4,49&nbsp;&euro; &times; Piscina Gre Finlandia de acero con decoraci\u00f3n nordica KIT300N 300x300x120Entrega estimada 2025\/09\/09 1.249,00&nbsp;&euro; Piscina Gre Finlandia de acero con decoraci\u00f3n nordica KIT300N 300x300x120 cantidad 1.249,00&nbsp;&euro; Actualizar carrito Seleccione el m\u00e9todo de env\u00edo Subtotal 1.294,48&nbsp;&euro; Env\u00edo Envio GratisEstimated Delivery Date: 09.09.2025 Envio Estandart: 15,00&nbsp;&euro;Estimated Delivery Date: 09.09.2025 Enviar a Barcelona. Cambiar direcci\u00f3n Pa\u00eds \/ Regi\u00f3n Selecciona un pa\u00eds\/regi\u00f3n&hellip;Espa\u00f1a Regi\u00f3n \/ Provincia Elige una opci\u00f3n&hellip;La Coru\u00f1a\u00c1lavaAlbaceteAlicanteAlmer\u00edaAsturias\u00c1vilaBadajozBalearesBarcelonaBurgosC\u00e1ceresC\u00e1dizCantabriaCastell\u00f3nCeutaCiudad RealC\u00f3rdobaCuencaGeronaGranadaGuadalajaraGuip\u00fazcoaHuelvaHuescaJa\u00e9nLa RiojaLas PalmasLe\u00f3nL\u00e9ridaLugoMadridM\u00e1lagaMelillaMurciaNavarraOrensePalenciaPontevedraSalamancaSanta Cruz de TenerifeSegoviaSevillaSoriaTarragonaTeruelToledoValenciaValladolidVizcayaZamoraZaragoza Ciudad: C\u00f3digo postal: Actualizar Total 1.294,48&nbsp;&euro; Continuar\" \/>\n<meta property=\"og:url\" content=\"https:\/\/greshop.es\/en\/carrito\/\" \/>\n<meta property=\"og:site_name\" content=\"Greshop\" \/>\n<meta property=\"article:modified_time\" content=\"2025-09-04T12:39:19+00:00\" \/>\n<meta property=\"og:image\" content=\"https:\/\/greshop.es\/wp-content\/uploads\/2023\/03\/PLED2_14-jpg-200x200.avif\" \/>\n<meta name=\"twitter:card\" content=\"summary_large_image\" \/>\n<meta name=\"twitter:label1\" content=\"Est. reading time\" \/>\n\t<meta name=\"twitter:data1\" content=\"1 minute\" \/>\n<script type=\"application\/ld+json\" class=\"yoast-schema-graph\">{\"@context\":\"https:\/\/schema.org\",\"@graph\":[{\"@type\":\"WebPage\",\"@id\":\"https:\/\/greshop.es\/carrito\/\",\"url\":\"https:\/\/greshop.es\/carrito\/\",\"name\":\"Carrito - Greshop\",\"isPartOf\":{\"@id\":\"https:\/\/greshop.es\/#website\"},\"primaryImageOfPage\":{\"@id\":\"https:\/\/greshop.es\/carrito\/#primaryimage\"},\"image\":{\"@id\":\"https:\/\/greshop.es\/carrito\/#primaryimage\"},\"thumbnailUrl\":\"https:\/\/greshop.es\/wp-content\/uploads\/2023\/03\/PLED2_14-jpg-200x200.avif\",\"datePublished\":\"2022-06-06T07:42:22+00:00\",\"dateModified\":\"2025-09-04T12:39:19+00:00\",\"breadcrumb\":{\"@id\":\"https:\/\/greshop.es\/carrito\/#breadcrumb\"},\"inLanguage\":\"en-US\",\"potentialAction\":[{\"@type\":\"ReadAction\",\"target\":[\"https:\/\/greshop.es\/carrito\/\"]}]},{\"@type\":\"ImageObject\",\"inLanguage\":\"en-US\",\"@id\":\"https:\/\/greshop.es\/carrito\/#primaryimage\",\"url\":\"https:\/\/greshop.es\/wp-content\/uploads\/2023\/03\/PLED2_14-jpg-200x200.avif\",\"contentUrl\":\"https:\/\/greshop.es\/wp-content\/uploads\/2023\/03\/PLED2_14-jpg-200x200.avif\"},{\"@type\":\"BreadcrumbList\",\"@id\":\"https:\/\/greshop.es\/carrito\/#breadcrumb\",\"itemListElement\":[{\"@type\":\"ListItem\",\"position\":1,\"name\":\"Inicio\",\"item\":\"https:\/\/greshop.es\/\"},{\"@type\":\"ListItem\",\"position\":2,\"name\":\"Carrito\"}]},{\"@type\":\"WebSite\",\"@id\":\"https:\/\/greshop.es\/#website\",\"url\":\"https:\/\/greshop.es\/\",\"name\":\"Greshop\",\"description\":\"Tienda online de piscinas desmontables Gre\",\"publisher\":{\"@id\":\"https:\/\/greshop.es\/#organization\"},\"potentialAction\":[{\"@type\":\"SearchAction\",\"target\":{\"@type\":\"EntryPoint\",\"urlTemplate\":\"https:\/\/greshop.es\/?s={search_term_string}\"},\"query-input\":{\"@type\":\"PropertyValueSpecification\",\"valueRequired\":true,\"valueName\":\"search_term_string\"}}],\"inLanguage\":\"en-US\"},{\"@type\":\"Organization\",\"@id\":\"https:\/\/greshop.es\/#organization\",\"name\":\"Camino Verde Group S.L.\",\"url\":\"https:\/\/greshop.es\/\",\"logo\":{\"@type\":\"ImageObject\",\"inLanguage\":\"en-US\",\"@id\":\"https:\/\/greshop.es\/#\/schema\/logo\/image\/\",\"url\":\"https:\/\/greshop.es\/wp-content\/uploads\/2022\/06\/cropped-cropped-LOGO_V3.avif\",\"contentUrl\":\"https:\/\/greshop.es\/wp-content\/uploads\/2022\/06\/cropped-cropped-LOGO_V3.avif\",\"width\":402,\"height\":390,\"caption\":\"Camino Verde Group S.L.\"},\"image\":{\"@id\":\"https:\/\/greshop.es\/#\/schema\/logo\/image\/\"}}]}<\/script>\n<!-- \/ Yoast SEO plugin. -->","yoast_head_json":{"title":"Carrito - Greshop","robots":{"index":"index","follow":"follow","max-snippet":"max-snippet:-1","max-image-preview":"max-image-preview:large","max-video-preview":"max-video-preview:-1"},"canonical":"https:\/\/greshop.es\/en\/carrito\/","og_locale":"en_US","og_type":"article","og_title":"Carrito - Greshop","og_description":"Carrito &nbsp; Producto &nbsp; Precio Cantidad Subtotal &times; 2 proyectores LED para piscina elevadaEntrega estimada 2025\/09\/09 40,99&nbsp;&euro; 1 40,99&nbsp;&euro; &times; Reparadores de liner PVCEntrega estimada 2025\/09\/09 4,49&nbsp;&euro; 1 4,49&nbsp;&euro; &times; Piscina Gre Finlandia de acero con decoraci\u00f3n nordica KIT300N 300x300x120Entrega estimada 2025\/09\/09 1.249,00&nbsp;&euro; Piscina Gre Finlandia de acero con decoraci\u00f3n nordica KIT300N 300x300x120 cantidad 1.249,00&nbsp;&euro; Actualizar carrito Seleccione el m\u00e9todo de env\u00edo Subtotal 1.294,48&nbsp;&euro; Env\u00edo Envio GratisEstimated Delivery Date: 09.09.2025 Envio Estandart: 15,00&nbsp;&euro;Estimated Delivery Date: 09.09.2025 Enviar a Barcelona. Cambiar direcci\u00f3n Pa\u00eds \/ Regi\u00f3n Selecciona un pa\u00eds\/regi\u00f3n&hellip;Espa\u00f1a Regi\u00f3n \/ Provincia Elige una opci\u00f3n&hellip;La Coru\u00f1a\u00c1lavaAlbaceteAlicanteAlmer\u00edaAsturias\u00c1vilaBadajozBalearesBarcelonaBurgosC\u00e1ceresC\u00e1dizCantabriaCastell\u00f3nCeutaCiudad RealC\u00f3rdobaCuencaGeronaGranadaGuadalajaraGuip\u00fazcoaHuelvaHuescaJa\u00e9nLa RiojaLas PalmasLe\u00f3nL\u00e9ridaLugoMadridM\u00e1lagaMelillaMurciaNavarraOrensePalenciaPontevedraSalamancaSanta Cruz de TenerifeSegoviaSevillaSoriaTarragonaTeruelToledoValenciaValladolidVizcayaZamoraZaragoza Ciudad: C\u00f3digo postal: Actualizar Total 1.294,48&nbsp;&euro; Continuar","og_url":"https:\/\/greshop.es\/en\/carrito\/","og_site_name":"Greshop","article_modified_time":"2025-09-04T12:39:19+00:00","og_image":[{"url":"https:\/\/greshop.es\/wp-content\/uploads\/2023\/03\/PLED2_14-jpg-200x200.avif","type":"","width":"","height":""}],"twitter_card":"summary_large_image","twitter_misc":{"Est. reading time":"1 minute"},"schema":{"@context":"https:\/\/schema.org","@graph":[{"@type":"WebPage","@id":"https:\/\/greshop.es\/carrito\/","url":"https:\/\/greshop.es\/carrito\/","name":"Carrito - Greshop","isPartOf":{"@id":"https:\/\/greshop.es\/#website"},"primaryImageOfPage":{"@id":"https:\/\/greshop.es\/carrito\/#primaryimage"},"image":{"@id":"https:\/\/greshop.es\/carrito\/#primaryimage"},"thumbnailUrl":"https:\/\/greshop.es\/wp-content\/uploads\/2023\/03\/PLED2_14-jpg-200x200.avif","datePublished":"2022-06-06T07:42:22+00:00","dateModified":"2025-09-04T12:39:19+00:00","breadcrumb":{"@id":"https:\/\/greshop.es\/carrito\/#breadcrumb"},"inLanguage":"en-US","potentialAction":[{"@type":"ReadAction","target":["https:\/\/greshop.es\/carrito\/"]}]},{"@type":"ImageObject","inLanguage":"en-US","@id":"https:\/\/greshop.es\/carrito\/#primaryimage","url":"https:\/\/greshop.es\/wp-content\/uploads\/2023\/03\/PLED2_14-jpg-200x200.avif","contentUrl":"https:\/\/greshop.es\/wp-content\/uploads\/2023\/03\/PLED2_14-jpg-200x200.avif"},{"@type":"BreadcrumbList","@id":"https:\/\/greshop.es\/carrito\/#breadcrumb","itemListElement":[{"@type":"ListItem","position":1,"name":"Inicio","item":"https:\/\/greshop.es\/"},{"@type":"ListItem","position":2,"name":"Carrito"}]},{"@type":"WebSite","@id":"https:\/\/greshop.es\/#website","url":"https:\/\/greshop.es\/","name":"Greshop","description":"Tienda online de piscinas desmontables Gre","publisher":{"@id":"https:\/\/greshop.es\/#organization"},"potentialAction":[{"@type":"SearchAction","target":{"@type":"EntryPoint","urlTemplate":"https:\/\/greshop.es\/?s={search_term_string}"},"query-input":{"@type":"PropertyValueSpecification","valueRequired":true,"valueName":"search_term_string"}}],"inLanguage":"en-US"},{"@type":"Organization","@id":"https:\/\/greshop.es\/#organization","name":"Camino Verde Group S.L.","url":"https:\/\/greshop.es\/","logo":{"@type":"ImageObject","inLanguage":"en-US","@id":"https:\/\/greshop.es\/#\/schema\/logo\/image\/","url":"https:\/\/greshop.es\/wp-content\/uploads\/2022\/06\/cropped-cropped-LOGO_V3.avif","contentUrl":"https:\/\/greshop.es\/wp-content\/uploads\/2022\/06\/cropped-cropped-LOGO_V3.avif","width":402,"height":390,"caption":"Camino Verde Group S.L."},"image":{"@id":"https:\/\/greshop.es\/#\/schema\/logo\/image\/"}}]}},"_links":{"self":[{"href":"https:\/\/greshop.es\/en\/wp-json\/wp\/v2\/pages\/1678","targetHints":{"allow":["GET"]}}],"collection":[{"href":"https:\/\/greshop.es\/en\/wp-json\/wp\/v2\/pages"}],"about":[{"href":"https:\/\/greshop.es\/en\/wp-json\/wp\/v2\/types\/page"}],"author":[{"embeddable":true,"href":"https:\/\/greshop.es\/en\/wp-json\/wp\/v2\/users\/3"}],"replies":[{"embeddable":true,"href":"https:\/\/greshop.es\/en\/wp-json\/wp\/v2\/comments?post=1678"}],"version-history":[{"count":7,"href":"https:\/\/greshop.es\/en\/wp-json\/wp\/v2\/pages\/1678\/revisions"}],"predecessor-version":[{"id":2889,"href":"https:\/\/greshop.es\/en\/wp-json\/wp\/v2\/pages\/1678\/revisions\/2889"}],"wp:attachment":[{"href":"https:\/\/greshop.es\/en\/wp-json\/wp\/v2\/media?parent=1678"}],"curies":[{"name":"wp","href":"https:\/\/api.w.org\/{rel}","templated":true}]}}