{"id":184,"date":"2023-02-16T17:56:40","date_gmt":"2023-02-16T17:56:40","guid":{"rendered":"https:\/\/greshop.es\/?post_type=product&#038;p=184"},"modified":"2023-06-15T12:46:07","modified_gmt":"2023-06-15T12:46:07","slug":"kpcor60","status":"publish","type":"product","link":"https:\/\/greshop.es\/en\/product\/kpcor60\/","title":{"rendered":"Piscina Gre Avantgarde Composite rectangular KPCOR60 606x326x124"},"content":{"rendered":"<h3 class=\"t-h4\">Descripci\u00f3n de producto:<\/h3>\n<ul>\n<li>Piscina de composite rectangular<\/li>\n<li>Medida comercial: 606 x 326 x \u2195124 cm<\/li>\n<li>Sistema de sujeci\u00f3n: Sistema IPE<\/li>\n<\/ul>\n<h3 class=\"t-h4\">Dimensiones:<\/h3>\n<ul>\n<li>Medida exterior: 606 x 326 x 124 cm<\/li>\n<li>Medida interior: 560 x 280 x 121 cm<\/li>\n<li>Volumen de agua: 17,87 m\u00b3<\/li>\n<\/ul>\n<h3 class=\"t-h4\">Equipamiento:<\/h3>\n<ul>\n<li>Liner de PVC gris con tratamiento anti-UV &#8211; espesor del liner: 60\/100<\/li>\n<li>Depuradora de arena con un caudal de 6 m\u00b3\/h. Incluye la arena s\u00edlex (\u00b140 kg). Nuestros filtros est\u00e1n conformes a la norma Europea<\/li>\n<li>Escalera exterior de composite de 4 pelda\u00f1os y escalera interior de acero inoxidable de 3 pelda\u00f1os<\/li>\n<li>Manta protectora de poli\u00e9ster<\/li>\n<li>Embellecedores y perfiler\u00eda de aluminio<\/li>\n<li>Skimmer de boca ancha y v\u00e1lvula de retorno<\/li>\n<li>Incluye mangueras de conexi\u00f3n<\/li>\n<\/ul>\n<h3 class=\"t-h4\">Garant\u00eda:<\/h3>\n<ul>\n<li>Estructura cuenta con una garant\u00eda de 5 a\u00f1os<\/li>\n<li>Resto de componentes tiene una garant\u00eda de 2 a\u00f1os (Salvo ampliaci\u00f3n de garant\u00eda dependiendo del pa\u00eds).<\/li>\n<\/ul>\n<h3 class=\"t-h4\">Instalaci\u00f3n:<\/h3>\n<ul>\n<li>Recomendaci\u00f3n de piscina elevada con posibilidad de semienterrar y enterrar bajo unos criterios establecidos por la empresa<\/li>\n<li>Losa de hormig\u00f3n: obligatorio<\/li>\n<\/ul>","protected":false},"excerpt":{"rendered":"<p>Descripci\u00f3n de producto: Piscina de composite rectangular Medida comercial: 606 x 326 x \u2195124 cm Sistema de sujeci\u00f3n: Sistema IPE Dimensiones: Medida exterior: 606 x 326 x 124 cm Medida interior: 560 x 280 x 121 cm Volumen de agua: 17,87 m\u00b3 Equipamiento: Liner de PVC gris con tratamiento anti-UV &#8211; espesor del liner: 60\/100 Depuradora de arena con un caudal de 6 m\u00b3\/h. Incluye la arena s\u00edlex (\u00b140 kg). Nuestros filtros est\u00e1n conformes a la norma Europea Escalera exterior de composite de 4 pelda\u00f1os y escalera interior de acero inoxidable de 3 pelda\u00f1os Manta protectora de poli\u00e9ster Embellecedores y perfiler\u00eda de aluminio Skimmer de boca ancha y v\u00e1lvula de retorno Incluye mangueras de conexi\u00f3n Garant\u00eda: Estructura cuenta con una garant\u00eda de 5 a\u00f1os Resto de componentes tiene una garant\u00eda de 2 a\u00f1os (Salvo ampliaci\u00f3n de garant\u00eda dependiendo del pa\u00eds). Instalaci\u00f3n: Recomendaci\u00f3n de piscina elevada con posibilidad de semienterrar y enterrar bajo unos criterios establecidos por la empresa Losa de hormig\u00f3n: obligatorio<\/p>","protected":false},"featured_media":342,"comment_status":"open","ping_status":"closed","template":"","meta":[],"product_brand":[],"product_cat":[22],"product_tag":[],"class_list":{"0":"post-184","1":"product","2":"type-product","3":"status-publish","4":"has-post-thumbnail","6":"product_cat-piscinas-de-composite","8":"first","9":"outofstock","10":"shipping-taxable","11":"purchasable","12":"product-type-simple"},"yoast_head":"<!-- This site is optimized with the Yoast SEO plugin v25.8 - https:\/\/yoast.com\/wordpress\/plugins\/seo\/ -->\n<title>Piscinas de composite GRE | Comprar KPCOR60 606x326x124<\/title>\n<meta name=\"description\" content=\"Compra ahora tu piscina desmontable de composite GRE KPCOR60 en tienda online al mejor precio con 5 a\u00f1os de garant\u00eda. \u00a1Entregamos tu pedido GRATIS!\" \/>\n<meta name=\"robots\" content=\"index, follow, max-snippet:-1, max-image-preview:large, max-video-preview:-1\" \/>\n<link rel=\"canonical\" href=\"https:\/\/greshop.es\/en\/product\/kpcor60\/\" \/>\n<meta property=\"og:locale\" content=\"en_US\" \/>\n<meta property=\"og:type\" content=\"article\" \/>\n<meta property=\"og:title\" content=\"Piscinas de composite GRE | Comprar KPCOR60 606x326x124\" \/>\n<meta property=\"og:description\" content=\"Compra ahora tu piscina desmontable de composite GRE KPCOR60 en tienda online al mejor precio con 5 a\u00f1os de garant\u00eda. \u00a1Entregamos tu pedido GRATIS!\" \/>\n<meta property=\"og:url\" content=\"https:\/\/greshop.es\/en\/product\/kpcor60\/\" \/>\n<meta property=\"og:site_name\" content=\"Greshop\" \/>\n<meta property=\"article:modified_time\" content=\"2023-06-15T12:46:07+00:00\" \/>\n<meta property=\"og:image\" content=\"https:\/\/greshop.es\/wp-content\/uploads\/2023\/02\/KPCOR60-02_18logo-1-jpg.webp\" \/>\n\t<meta property=\"og:image:width\" content=\"1448\" \/>\n\t<meta property=\"og:image:height\" content=\"1448\" \/>\n\t<meta property=\"og:image:type\" content=\"image\/jpeg\" \/>\n<meta name=\"twitter:card\" content=\"summary_large_image\" \/>\n<meta name=\"twitter:label1\" content=\"Est. reading time\" \/>\n\t<meta name=\"twitter:data1\" content=\"1 minute\" \/>\n<script type=\"application\/ld+json\" class=\"yoast-schema-graph\">{\"@context\":\"https:\/\/schema.org\",\"@graph\":[{\"@type\":\"WebPage\",\"@id\":\"https:\/\/greshop.es\/producto\/kpcor60\/\",\"url\":\"https:\/\/greshop.es\/producto\/kpcor60\/\",\"name\":\"Piscinas de composite GRE | Comprar KPCOR60 606x326x124\",\"isPartOf\":{\"@id\":\"https:\/\/greshop.es\/#website\"},\"primaryImageOfPage\":{\"@id\":\"https:\/\/greshop.es\/producto\/kpcor60\/#primaryimage\"},\"image\":{\"@id\":\"https:\/\/greshop.es\/producto\/kpcor60\/#primaryimage\"},\"thumbnailUrl\":\"https:\/\/greshop.es\/wp-content\/uploads\/2023\/02\/KPCOR60-02_18logo-1-jpg.avif\",\"datePublished\":\"2023-02-16T17:56:40+00:00\",\"dateModified\":\"2023-06-15T12:46:07+00:00\",\"description\":\"Compra ahora tu piscina desmontable de composite GRE KPCOR60 en tienda online al mejor precio con 5 a\u00f1os de garant\u00eda. \u00a1Entregamos tu pedido GRATIS!\",\"breadcrumb\":{\"@id\":\"https:\/\/greshop.es\/producto\/kpcor60\/#breadcrumb\"},\"inLanguage\":\"en-US\",\"potentialAction\":[{\"@type\":\"ReadAction\",\"target\":[\"https:\/\/greshop.es\/producto\/kpcor60\/\"]}]},{\"@type\":\"ImageObject\",\"inLanguage\":\"en-US\",\"@id\":\"https:\/\/greshop.es\/producto\/kpcor60\/#primaryimage\",\"url\":\"https:\/\/greshop.es\/wp-content\/uploads\/2023\/02\/KPCOR60-02_18logo-1-jpg.avif\",\"contentUrl\":\"https:\/\/greshop.es\/wp-content\/uploads\/2023\/02\/KPCOR60-02_18logo-1-jpg.avif\",\"width\":1448,\"height\":1448},{\"@type\":\"BreadcrumbList\",\"@id\":\"https:\/\/greshop.es\/producto\/kpcor60\/#breadcrumb\",\"itemListElement\":[{\"@type\":\"ListItem\",\"position\":1,\"name\":\"Inicio\",\"item\":\"https:\/\/greshop.es\/\"},{\"@type\":\"ListItem\",\"position\":2,\"name\":\"Tienda\",\"item\":\"https:\/\/greshop.es\/tienda\/\"},{\"@type\":\"ListItem\",\"position\":3,\"name\":\"Piscina Gre Avantgarde Composite rectangular KPCOR60 606x326x124\"}]},{\"@type\":\"WebSite\",\"@id\":\"https:\/\/greshop.es\/#website\",\"url\":\"https:\/\/greshop.es\/\",\"name\":\"Greshop\",\"description\":\"Tienda online de piscinas desmontables Gre\",\"publisher\":{\"@id\":\"https:\/\/greshop.es\/#organization\"},\"potentialAction\":[{\"@type\":\"SearchAction\",\"target\":{\"@type\":\"EntryPoint\",\"urlTemplate\":\"https:\/\/greshop.es\/?s={search_term_string}\"},\"query-input\":{\"@type\":\"PropertyValueSpecification\",\"valueRequired\":true,\"valueName\":\"search_term_string\"}}],\"inLanguage\":\"en-US\"},{\"@type\":\"Organization\",\"@id\":\"https:\/\/greshop.es\/#organization\",\"name\":\"Camino Verde Group S.L.\",\"url\":\"https:\/\/greshop.es\/\",\"logo\":{\"@type\":\"ImageObject\",\"inLanguage\":\"en-US\",\"@id\":\"https:\/\/greshop.es\/#\/schema\/logo\/image\/\",\"url\":\"https:\/\/greshop.es\/wp-content\/uploads\/2022\/06\/cropped-cropped-LOGO_V3.avif\",\"contentUrl\":\"https:\/\/greshop.es\/wp-content\/uploads\/2022\/06\/cropped-cropped-LOGO_V3.avif\",\"width\":402,\"height\":390,\"caption\":\"Camino Verde Group S.L.\"},\"image\":{\"@id\":\"https:\/\/greshop.es\/#\/schema\/logo\/image\/\"}}]}<\/script>\n<!-- \/ Yoast SEO plugin. -->","yoast_head_json":{"title":"Piscinas de composite GRE | Comprar KPCOR60 606x326x124","description":"Compra ahora tu piscina desmontable de composite GRE KPCOR60 en tienda online al mejor precio con 5 a\u00f1os de garant\u00eda. \u00a1Entregamos tu pedido GRATIS!","robots":{"index":"index","follow":"follow","max-snippet":"max-snippet:-1","max-image-preview":"max-image-preview:large","max-video-preview":"max-video-preview:-1"},"canonical":"https:\/\/greshop.es\/en\/product\/kpcor60\/","og_locale":"en_US","og_type":"article","og_title":"Piscinas de composite GRE | Comprar KPCOR60 606x326x124","og_description":"Compra ahora tu piscina desmontable de composite GRE KPCOR60 en tienda online al mejor precio con 5 a\u00f1os de garant\u00eda. \u00a1Entregamos tu pedido GRATIS!","og_url":"https:\/\/greshop.es\/en\/product\/kpcor60\/","og_site_name":"Greshop","article_modified_time":"2023-06-15T12:46:07+00:00","og_image":[{"width":1448,"height":1448,"url":"https:\/\/greshop.es\/wp-content\/uploads\/2023\/02\/KPCOR60-02_18logo-1-jpg.webp","type":"image\/jpeg"}],"twitter_card":"summary_large_image","twitter_misc":{"Est. reading time":"1 minute"},"schema":{"@context":"https:\/\/schema.org","@graph":[{"@type":"WebPage","@id":"https:\/\/greshop.es\/producto\/kpcor60\/","url":"https:\/\/greshop.es\/producto\/kpcor60\/","name":"Piscinas de composite GRE | Comprar KPCOR60 606x326x124","isPartOf":{"@id":"https:\/\/greshop.es\/#website"},"primaryImageOfPage":{"@id":"https:\/\/greshop.es\/producto\/kpcor60\/#primaryimage"},"image":{"@id":"https:\/\/greshop.es\/producto\/kpcor60\/#primaryimage"},"thumbnailUrl":"https:\/\/greshop.es\/wp-content\/uploads\/2023\/02\/KPCOR60-02_18logo-1-jpg.avif","datePublished":"2023-02-16T17:56:40+00:00","dateModified":"2023-06-15T12:46:07+00:00","description":"Compra ahora tu piscina desmontable de composite GRE KPCOR60 en tienda online al mejor precio con 5 a\u00f1os de garant\u00eda. \u00a1Entregamos tu pedido GRATIS!","breadcrumb":{"@id":"https:\/\/greshop.es\/producto\/kpcor60\/#breadcrumb"},"inLanguage":"en-US","potentialAction":[{"@type":"ReadAction","target":["https:\/\/greshop.es\/producto\/kpcor60\/"]}]},{"@type":"ImageObject","inLanguage":"en-US","@id":"https:\/\/greshop.es\/producto\/kpcor60\/#primaryimage","url":"https:\/\/greshop.es\/wp-content\/uploads\/2023\/02\/KPCOR60-02_18logo-1-jpg.avif","contentUrl":"https:\/\/greshop.es\/wp-content\/uploads\/2023\/02\/KPCOR60-02_18logo-1-jpg.avif","width":1448,"height":1448},{"@type":"BreadcrumbList","@id":"https:\/\/greshop.es\/producto\/kpcor60\/#breadcrumb","itemListElement":[{"@type":"ListItem","position":1,"name":"Inicio","item":"https:\/\/greshop.es\/"},{"@type":"ListItem","position":2,"name":"Tienda","item":"https:\/\/greshop.es\/tienda\/"},{"@type":"ListItem","position":3,"name":"Piscina Gre Avantgarde Composite rectangular KPCOR60 606x326x124"}]},{"@type":"WebSite","@id":"https:\/\/greshop.es\/#website","url":"https:\/\/greshop.es\/","name":"Greshop","description":"Tienda online de piscinas desmontables Gre","publisher":{"@id":"https:\/\/greshop.es\/#organization"},"potentialAction":[{"@type":"SearchAction","target":{"@type":"EntryPoint","urlTemplate":"https:\/\/greshop.es\/?s={search_term_string}"},"query-input":{"@type":"PropertyValueSpecification","valueRequired":true,"valueName":"search_term_string"}}],"inLanguage":"en-US"},{"@type":"Organization","@id":"https:\/\/greshop.es\/#organization","name":"Camino Verde Group S.L.","url":"https:\/\/greshop.es\/","logo":{"@type":"ImageObject","inLanguage":"en-US","@id":"https:\/\/greshop.es\/#\/schema\/logo\/image\/","url":"https:\/\/greshop.es\/wp-content\/uploads\/2022\/06\/cropped-cropped-LOGO_V3.avif","contentUrl":"https:\/\/greshop.es\/wp-content\/uploads\/2022\/06\/cropped-cropped-LOGO_V3.avif","width":402,"height":390,"caption":"Camino Verde Group S.L."},"image":{"@id":"https:\/\/greshop.es\/#\/schema\/logo\/image\/"}}]}},"_links":{"self":[{"href":"https:\/\/greshop.es\/en\/wp-json\/wp\/v2\/product\/184","targetHints":{"allow":["GET"]}}],"collection":[{"href":"https:\/\/greshop.es\/en\/wp-json\/wp\/v2\/product"}],"about":[{"href":"https:\/\/greshop.es\/en\/wp-json\/wp\/v2\/types\/product"}],"replies":[{"embeddable":true,"href":"https:\/\/greshop.es\/en\/wp-json\/wp\/v2\/comments?post=184"}],"wp:featuredmedia":[{"embeddable":true,"href":"https:\/\/greshop.es\/en\/wp-json\/wp\/v2\/media\/342"}],"wp:attachment":[{"href":"https:\/\/greshop.es\/en\/wp-json\/wp\/v2\/media?parent=184"}],"wp:term":[{"taxonomy":"product_brand","embeddable":true,"href":"https:\/\/greshop.es\/en\/wp-json\/wp\/v2\/product_brand?post=184"},{"taxonomy":"product_cat","embeddable":true,"href":"https:\/\/greshop.es\/en\/wp-json\/wp\/v2\/product_cat?post=184"},{"taxonomy":"product_tag","embeddable":true,"href":"https:\/\/greshop.es\/en\/wp-json\/wp\/v2\/product_tag?post=184"}],"curies":[{"name":"wp","href":"https:\/\/api.w.org\/{rel}","templated":true}]}}