{"id":361,"date":"2023-03-03T12:15:16","date_gmt":"2023-03-03T12:15:16","guid":{"rendered":"https:\/\/greshop.es\/?post_type=product&#038;p=361"},"modified":"2023-03-13T15:39:43","modified_gmt":"2023-03-13T15:39:43","slug":"piscina-gre-sunbay-vasto-de-madera-790302-428x428x136","status":"publish","type":"product","link":"https:\/\/greshop.es\/en\/product\/piscina-gre-sunbay-vasto-de-madera-790302-428x428x136\/","title":{"rendered":"Piscina GRE Sunbay VASTO de madera 790302 428x428x136"},"content":{"rendered":"<p>KIT completo de piscina de madera. M\u00faltiples posibilidades de Instalaci\u00f3n: elevada sobresuelo, semienterrar o enterrar completamente. Losa de hormig\u00f3n: opcional con unas dimensiones de 406 x 406 x H 10 cm (1,64 m\u00b3).<\/p>\n<p class=\"t-h4\"><strong>Equipamiento:<\/strong><\/p>\n<ul>\n<li>Liner de PVC azul con tratamiento anti-UV &#8211; espesor del liner: 75\/100<\/li>\n<li>Depuradora de arena con un caudal de 4 m\u00b3\/h. Incluye la arena s\u00edlex (\u00b120 kg)<\/li>\n<li>Escalera exterior de madera y escalera interior de acero inoxidable<\/li>\n<li>Protectores de fondo y pared<\/li>\n<li>Estructura de pino silvestre franc\u00e9s y autoclave clase IV. Certificado PEFC<\/li>\n<li>Embellecedores met\u00e1licos<\/li>\n<li>Incluye conjunto de skimmer<\/li>\n<li>Incluye mangueras de conexi\u00f3n<\/li>\n<li>Sin machihembrar<\/li>\n<li>Playas: Doble: 14,5 x 2= 29 cm. Espesor: 2,8 cm<\/li>\n<\/ul>","protected":false},"excerpt":{"rendered":"<p><strong>Piscina redonda de madera GRE 790210<\/strong><\/p>\n<ul>\n<li>Medida exterior: \u00d8428 x 136 cm<\/li>\n<li>Medida interior: \u00d8376 x 133 cm<\/li>\n<li>Volumen de agua: 12,2 m\u00b3<\/li>\n<\/ul>","protected":false},"featured_media":429,"comment_status":"open","ping_status":"closed","template":"","meta":[],"product_brand":[],"product_cat":[21],"product_tag":[],"class_list":{"0":"post-361","1":"product","2":"type-product","3":"status-publish","4":"has-post-thumbnail","6":"product_cat-piscinas-de-madera","8":"first","9":"instock","10":"shipping-taxable","11":"purchasable","12":"product-type-simple"},"yoast_head":"<!-- This site is optimized with the Yoast SEO plugin v25.8 - https:\/\/yoast.com\/wordpress\/plugins\/seo\/ -->\n<title>Piscinas desmontables | Comprar GRE Sunbay VASTO de madera<\/title>\n<meta name=\"description\" content=\"Compra ahora tu piscina desmontable de madera GRE Sunbay VASTO en tienda online al mejor precio con 10 a\u00f1os de garant\u00eda. \u00a1Entregamos tu pedido GRATIS!\" \/>\n<meta name=\"robots\" content=\"index, follow, max-snippet:-1, max-image-preview:large, max-video-preview:-1\" \/>\n<link rel=\"canonical\" href=\"https:\/\/greshop.es\/en\/product\/piscina-gre-sunbay-vasto-de-madera-790302-428x428x136\/\" \/>\n<meta property=\"og:locale\" content=\"en_US\" \/>\n<meta property=\"og:type\" content=\"article\" \/>\n<meta property=\"og:title\" content=\"Piscinas desmontables | Comprar GRE Sunbay VASTO de madera\" \/>\n<meta property=\"og:description\" content=\"Compra ahora tu piscina desmontable de madera GRE Sunbay VASTO en tienda online al mejor precio con 10 a\u00f1os de garant\u00eda. \u00a1Entregamos tu pedido GRATIS!\" \/>\n<meta property=\"og:url\" content=\"https:\/\/greshop.es\/en\/product\/piscina-gre-sunbay-vasto-de-madera-790302-428x428x136\/\" \/>\n<meta property=\"og:site_name\" content=\"Greshop\" \/>\n<meta property=\"article:modified_time\" content=\"2023-03-13T15:39:43+00:00\" \/>\n<meta property=\"og:image\" content=\"https:\/\/greshop.es\/wp-content\/uploads\/2023\/03\/Vanille2_20-jpg.webp\" \/>\n\t<meta property=\"og:image:width\" content=\"658\" \/>\n\t<meta property=\"og:image:height\" content=\"800\" \/>\n\t<meta property=\"og:image:type\" content=\"image\/jpeg\" \/>\n<meta name=\"twitter:card\" content=\"summary_large_image\" \/>\n<meta name=\"twitter:label1\" content=\"Est. reading time\" \/>\n\t<meta name=\"twitter:data1\" content=\"1 minute\" \/>\n<script type=\"application\/ld+json\" class=\"yoast-schema-graph\">{\"@context\":\"https:\/\/schema.org\",\"@graph\":[{\"@type\":\"WebPage\",\"@id\":\"https:\/\/greshop.es\/producto\/piscina-gre-sunbay-vasto-de-madera-790302-428x428x136\/\",\"url\":\"https:\/\/greshop.es\/producto\/piscina-gre-sunbay-vasto-de-madera-790302-428x428x136\/\",\"name\":\"Piscinas desmontables | Comprar GRE Sunbay VASTO de madera\",\"isPartOf\":{\"@id\":\"https:\/\/greshop.es\/#website\"},\"primaryImageOfPage\":{\"@id\":\"https:\/\/greshop.es\/producto\/piscina-gre-sunbay-vasto-de-madera-790302-428x428x136\/#primaryimage\"},\"image\":{\"@id\":\"https:\/\/greshop.es\/producto\/piscina-gre-sunbay-vasto-de-madera-790302-428x428x136\/#primaryimage\"},\"thumbnailUrl\":\"https:\/\/greshop.es\/wp-content\/uploads\/2023\/03\/Vanille2_20-jpg.avif\",\"datePublished\":\"2023-03-03T12:15:16+00:00\",\"dateModified\":\"2023-03-13T15:39:43+00:00\",\"description\":\"Compra ahora tu piscina desmontable de madera GRE Sunbay VASTO en tienda online al mejor precio con 10 a\u00f1os de garant\u00eda. \u00a1Entregamos tu pedido GRATIS!\",\"breadcrumb\":{\"@id\":\"https:\/\/greshop.es\/producto\/piscina-gre-sunbay-vasto-de-madera-790302-428x428x136\/#breadcrumb\"},\"inLanguage\":\"en-US\",\"potentialAction\":[{\"@type\":\"ReadAction\",\"target\":[\"https:\/\/greshop.es\/producto\/piscina-gre-sunbay-vasto-de-madera-790302-428x428x136\/\"]}]},{\"@type\":\"ImageObject\",\"inLanguage\":\"en-US\",\"@id\":\"https:\/\/greshop.es\/producto\/piscina-gre-sunbay-vasto-de-madera-790302-428x428x136\/#primaryimage\",\"url\":\"https:\/\/greshop.es\/wp-content\/uploads\/2023\/03\/Vanille2_20-jpg.avif\",\"contentUrl\":\"https:\/\/greshop.es\/wp-content\/uploads\/2023\/03\/Vanille2_20-jpg.avif\",\"width\":658,\"height\":800},{\"@type\":\"BreadcrumbList\",\"@id\":\"https:\/\/greshop.es\/producto\/piscina-gre-sunbay-vasto-de-madera-790302-428x428x136\/#breadcrumb\",\"itemListElement\":[{\"@type\":\"ListItem\",\"position\":1,\"name\":\"Inicio\",\"item\":\"https:\/\/greshop.es\/\"},{\"@type\":\"ListItem\",\"position\":2,\"name\":\"Tienda\",\"item\":\"https:\/\/greshop.es\/tienda\/\"},{\"@type\":\"ListItem\",\"position\":3,\"name\":\"Piscina GRE Sunbay VASTO de madera 790302 428x428x136\"}]},{\"@type\":\"WebSite\",\"@id\":\"https:\/\/greshop.es\/#website\",\"url\":\"https:\/\/greshop.es\/\",\"name\":\"Greshop\",\"description\":\"Tienda online de piscinas desmontables Gre\",\"publisher\":{\"@id\":\"https:\/\/greshop.es\/#organization\"},\"potentialAction\":[{\"@type\":\"SearchAction\",\"target\":{\"@type\":\"EntryPoint\",\"urlTemplate\":\"https:\/\/greshop.es\/?s={search_term_string}\"},\"query-input\":{\"@type\":\"PropertyValueSpecification\",\"valueRequired\":true,\"valueName\":\"search_term_string\"}}],\"inLanguage\":\"en-US\"},{\"@type\":\"Organization\",\"@id\":\"https:\/\/greshop.es\/#organization\",\"name\":\"Camino Verde Group S.L.\",\"url\":\"https:\/\/greshop.es\/\",\"logo\":{\"@type\":\"ImageObject\",\"inLanguage\":\"en-US\",\"@id\":\"https:\/\/greshop.es\/#\/schema\/logo\/image\/\",\"url\":\"https:\/\/greshop.es\/wp-content\/uploads\/2022\/06\/cropped-cropped-LOGO_V3.avif\",\"contentUrl\":\"https:\/\/greshop.es\/wp-content\/uploads\/2022\/06\/cropped-cropped-LOGO_V3.avif\",\"width\":402,\"height\":390,\"caption\":\"Camino Verde Group S.L.\"},\"image\":{\"@id\":\"https:\/\/greshop.es\/#\/schema\/logo\/image\/\"}}]}<\/script>\n<!-- \/ Yoast SEO plugin. -->","yoast_head_json":{"title":"Piscinas desmontables | Comprar GRE Sunbay VASTO de madera","description":"Compra ahora tu piscina desmontable de madera GRE Sunbay VASTO en tienda online al mejor precio con 10 a\u00f1os de garant\u00eda. \u00a1Entregamos tu pedido GRATIS!","robots":{"index":"index","follow":"follow","max-snippet":"max-snippet:-1","max-image-preview":"max-image-preview:large","max-video-preview":"max-video-preview:-1"},"canonical":"https:\/\/greshop.es\/en\/product\/piscina-gre-sunbay-vasto-de-madera-790302-428x428x136\/","og_locale":"en_US","og_type":"article","og_title":"Piscinas desmontables | Comprar GRE Sunbay VASTO de madera","og_description":"Compra ahora tu piscina desmontable de madera GRE Sunbay VASTO en tienda online al mejor precio con 10 a\u00f1os de garant\u00eda. \u00a1Entregamos tu pedido GRATIS!","og_url":"https:\/\/greshop.es\/en\/product\/piscina-gre-sunbay-vasto-de-madera-790302-428x428x136\/","og_site_name":"Greshop","article_modified_time":"2023-03-13T15:39:43+00:00","og_image":[{"width":658,"height":800,"url":"https:\/\/greshop.es\/wp-content\/uploads\/2023\/03\/Vanille2_20-jpg.webp","type":"image\/jpeg"}],"twitter_card":"summary_large_image","twitter_misc":{"Est. reading time":"1 minute"},"schema":{"@context":"https:\/\/schema.org","@graph":[{"@type":"WebPage","@id":"https:\/\/greshop.es\/producto\/piscina-gre-sunbay-vasto-de-madera-790302-428x428x136\/","url":"https:\/\/greshop.es\/producto\/piscina-gre-sunbay-vasto-de-madera-790302-428x428x136\/","name":"Piscinas desmontables | Comprar GRE Sunbay VASTO de madera","isPartOf":{"@id":"https:\/\/greshop.es\/#website"},"primaryImageOfPage":{"@id":"https:\/\/greshop.es\/producto\/piscina-gre-sunbay-vasto-de-madera-790302-428x428x136\/#primaryimage"},"image":{"@id":"https:\/\/greshop.es\/producto\/piscina-gre-sunbay-vasto-de-madera-790302-428x428x136\/#primaryimage"},"thumbnailUrl":"https:\/\/greshop.es\/wp-content\/uploads\/2023\/03\/Vanille2_20-jpg.avif","datePublished":"2023-03-03T12:15:16+00:00","dateModified":"2023-03-13T15:39:43+00:00","description":"Compra ahora tu piscina desmontable de madera GRE Sunbay VASTO en tienda online al mejor precio con 10 a\u00f1os de garant\u00eda. \u00a1Entregamos tu pedido GRATIS!","breadcrumb":{"@id":"https:\/\/greshop.es\/producto\/piscina-gre-sunbay-vasto-de-madera-790302-428x428x136\/#breadcrumb"},"inLanguage":"en-US","potentialAction":[{"@type":"ReadAction","target":["https:\/\/greshop.es\/producto\/piscina-gre-sunbay-vasto-de-madera-790302-428x428x136\/"]}]},{"@type":"ImageObject","inLanguage":"en-US","@id":"https:\/\/greshop.es\/producto\/piscina-gre-sunbay-vasto-de-madera-790302-428x428x136\/#primaryimage","url":"https:\/\/greshop.es\/wp-content\/uploads\/2023\/03\/Vanille2_20-jpg.avif","contentUrl":"https:\/\/greshop.es\/wp-content\/uploads\/2023\/03\/Vanille2_20-jpg.avif","width":658,"height":800},{"@type":"BreadcrumbList","@id":"https:\/\/greshop.es\/producto\/piscina-gre-sunbay-vasto-de-madera-790302-428x428x136\/#breadcrumb","itemListElement":[{"@type":"ListItem","position":1,"name":"Inicio","item":"https:\/\/greshop.es\/"},{"@type":"ListItem","position":2,"name":"Tienda","item":"https:\/\/greshop.es\/tienda\/"},{"@type":"ListItem","position":3,"name":"Piscina GRE Sunbay VASTO de madera 790302 428x428x136"}]},{"@type":"WebSite","@id":"https:\/\/greshop.es\/#website","url":"https:\/\/greshop.es\/","name":"Greshop","description":"Tienda online de piscinas desmontables Gre","publisher":{"@id":"https:\/\/greshop.es\/#organization"},"potentialAction":[{"@type":"SearchAction","target":{"@type":"EntryPoint","urlTemplate":"https:\/\/greshop.es\/?s={search_term_string}"},"query-input":{"@type":"PropertyValueSpecification","valueRequired":true,"valueName":"search_term_string"}}],"inLanguage":"en-US"},{"@type":"Organization","@id":"https:\/\/greshop.es\/#organization","name":"Camino Verde Group S.L.","url":"https:\/\/greshop.es\/","logo":{"@type":"ImageObject","inLanguage":"en-US","@id":"https:\/\/greshop.es\/#\/schema\/logo\/image\/","url":"https:\/\/greshop.es\/wp-content\/uploads\/2022\/06\/cropped-cropped-LOGO_V3.avif","contentUrl":"https:\/\/greshop.es\/wp-content\/uploads\/2022\/06\/cropped-cropped-LOGO_V3.avif","width":402,"height":390,"caption":"Camino Verde Group S.L."},"image":{"@id":"https:\/\/greshop.es\/#\/schema\/logo\/image\/"}}]}},"_links":{"self":[{"href":"https:\/\/greshop.es\/en\/wp-json\/wp\/v2\/product\/361","targetHints":{"allow":["GET"]}}],"collection":[{"href":"https:\/\/greshop.es\/en\/wp-json\/wp\/v2\/product"}],"about":[{"href":"https:\/\/greshop.es\/en\/wp-json\/wp\/v2\/types\/product"}],"replies":[{"embeddable":true,"href":"https:\/\/greshop.es\/en\/wp-json\/wp\/v2\/comments?post=361"}],"wp:featuredmedia":[{"embeddable":true,"href":"https:\/\/greshop.es\/en\/wp-json\/wp\/v2\/media\/429"}],"wp:attachment":[{"href":"https:\/\/greshop.es\/en\/wp-json\/wp\/v2\/media?parent=361"}],"wp:term":[{"taxonomy":"product_brand","embeddable":true,"href":"https:\/\/greshop.es\/en\/wp-json\/wp\/v2\/product_brand?post=361"},{"taxonomy":"product_cat","embeddable":true,"href":"https:\/\/greshop.es\/en\/wp-json\/wp\/v2\/product_cat?post=361"},{"taxonomy":"product_tag","embeddable":true,"href":"https:\/\/greshop.es\/en\/wp-json\/wp\/v2\/product_tag?post=361"}],"curies":[{"name":"wp","href":"https:\/\/api.w.org\/{rel}","templated":true}]}}