{"id":438,"date":"2023-03-03T17:51:05","date_gmt":"2023-03-03T17:51:05","guid":{"rendered":"https:\/\/greshop.es\/?post_type=product&#038;p=438"},"modified":"2024-07-15T11:27:36","modified_gmt":"2024-07-15T11:27:36","slug":"piscina-gre-finlandia-de-acero-con-decoracion-nordica-kit240n-240x240x120","status":"publish","type":"product","link":"https:\/\/greshop.es\/en\/product\/piscina-gre-finlandia-de-acero-con-decoracion-nordica-kit240n-240x240x120\/","title":{"rendered":"Gre Finlandia steel pool with Nordic decoration KIT240N 240x240x120"},"content":{"rendered":"<p>KIT completo de piscina con depuradora de arena para Instalaci\u00f3n sobresuelo (solera de hormig\u00f3n opcional).<\/p>\n<p class=\"t-h4\"><strong>Equipamiento:<\/strong><\/p>\n<ul>\n<li>Liner de PVC gris con tratamiento anti-UV &#8211; espesor del liner: 30\/100<\/li>\n<li>Depuradora de arena con un caudal de 4 m\u00b3\/h. Incluye la arena s\u00edlex (\u00b120 kg). Nuestros filtros est\u00e1n conformes a la norma Europea<\/li>\n<li>Escalera de seguridad tipo tijera de 2&#215;3 pelda\u00f1os. Permite desmontar los pelda\u00f1os de un lado para impedir el acceso de los ni\u00f1os a la piscina y prevenir accidentes. Conforme a la norma Europea<\/li>\n<li>Estructura del vaso y perfiler\u00eda de acero galvanizado<\/li>\n<li>Protectores de inyecci\u00f3n para las uniones entre los perfiles horizontales<\/li>\n<li>Incluye conjunto de skimmer<\/li>\n<li>Incluye mangueras de conexi\u00f3n<\/li>\n<\/ul>","protected":false},"excerpt":{"rendered":"<h3><strong>Piscina redonda GRE KIT240N <\/strong><strong>de pared de acero ccon decoraci\u00f3n nordica<\/strong><\/h3>\n<ul>\n<li>Medida exterior: \u00d8260 x 122m<\/li>\n<li>Medida interior: \u00d8240 x 120m<\/li>\n<li>Volumen de agua: 4,75 m\u00b3<\/li>\n<\/ul>","protected":false},"featured_media":677,"comment_status":"open","ping_status":"closed","template":"","meta":[],"product_brand":[],"product_cat":[30],"product_tag":[],"class_list":{"0":"post-438","1":"product","2":"type-product","3":"status-publish","4":"has-post-thumbnail","6":"product_cat-de-acero-imitacion-nordico","8":"first","9":"instock","10":"shipping-taxable","11":"purchasable","12":"product-type-simple"},"yoast_head":"<!-- This site is optimized with the Yoast SEO plugin v25.8 - https:\/\/yoast.com\/wordpress\/plugins\/seo\/ -->\n<title>Piscinas GRE | Comprar KIT240N 240x240x120<\/title>\n<meta name=\"description\" content=\"Compra ahora tu piscina GRE KIT240N en tienda online al mejor precio con 5 a\u00f1os de garant\u00eda. \u00a1Entregamos tu pedido GRATIS!\" \/>\n<meta name=\"robots\" content=\"index, follow, max-snippet:-1, max-image-preview:large, max-video-preview:-1\" \/>\n<link rel=\"canonical\" href=\"https:\/\/greshop.es\/en\/product\/piscina-gre-finlandia-de-acero-con-decoracion-nordica-kit240n-240x240x120\/\" \/>\n<meta property=\"og:locale\" content=\"en_US\" \/>\n<meta property=\"og:type\" content=\"article\" \/>\n<meta property=\"og:title\" content=\"Piscinas GRE | Comprar KIT240N 240x240x120\" \/>\n<meta property=\"og:description\" content=\"Compra ahora tu piscina GRE KIT240N en tienda online al mejor precio con 5 a\u00f1os de garant\u00eda. \u00a1Entregamos tu pedido GRATIS!\" \/>\n<meta property=\"og:url\" content=\"https:\/\/greshop.es\/en\/product\/piscina-gre-finlandia-de-acero-con-decoracion-nordica-kit240n-240x240x120\/\" \/>\n<meta property=\"og:site_name\" content=\"Greshop\" \/>\n<meta property=\"article:modified_time\" content=\"2024-07-15T11:27:36+00:00\" \/>\n<meta property=\"og:image\" content=\"https:\/\/greshop.es\/wp-content\/uploads\/2023\/03\/KITPR558N_20.jpg\" \/>\n\t<meta property=\"og:image:width\" content=\"800\" \/>\n\t<meta property=\"og:image:height\" content=\"800\" \/>\n\t<meta property=\"og:image:type\" content=\"image\/jpeg\" \/>\n<meta name=\"twitter:card\" content=\"summary_large_image\" \/>\n<meta name=\"twitter:label1\" content=\"Est. reading time\" \/>\n\t<meta name=\"twitter:data1\" content=\"1 minute\" \/>\n<script type=\"application\/ld+json\" class=\"yoast-schema-graph\">{\"@context\":\"https:\/\/schema.org\",\"@graph\":[{\"@type\":\"WebPage\",\"@id\":\"https:\/\/greshop.es\/producto\/piscina-gre-finlandia-de-acero-con-decoracion-nordica-kit240n-240x240x120\/\",\"url\":\"https:\/\/greshop.es\/producto\/piscina-gre-finlandia-de-acero-con-decoracion-nordica-kit240n-240x240x120\/\",\"name\":\"Piscinas GRE | Comprar KIT240N 240x240x120\",\"isPartOf\":{\"@id\":\"https:\/\/greshop.es\/#website\"},\"primaryImageOfPage\":{\"@id\":\"https:\/\/greshop.es\/producto\/piscina-gre-finlandia-de-acero-con-decoracion-nordica-kit240n-240x240x120\/#primaryimage\"},\"image\":{\"@id\":\"https:\/\/greshop.es\/producto\/piscina-gre-finlandia-de-acero-con-decoracion-nordica-kit240n-240x240x120\/#primaryimage\"},\"thumbnailUrl\":\"https:\/\/greshop.es\/wp-content\/uploads\/2023\/03\/KITPR558N_20.avif\",\"datePublished\":\"2023-03-03T17:51:05+00:00\",\"dateModified\":\"2024-07-15T11:27:36+00:00\",\"description\":\"Compra ahora tu piscina GRE KIT240N en tienda online al mejor precio con 5 a\u00f1os de garant\u00eda. \u00a1Entregamos tu pedido GRATIS!\",\"breadcrumb\":{\"@id\":\"https:\/\/greshop.es\/producto\/piscina-gre-finlandia-de-acero-con-decoracion-nordica-kit240n-240x240x120\/#breadcrumb\"},\"inLanguage\":\"en-US\",\"potentialAction\":[{\"@type\":\"ReadAction\",\"target\":[\"https:\/\/greshop.es\/producto\/piscina-gre-finlandia-de-acero-con-decoracion-nordica-kit240n-240x240x120\/\"]}]},{\"@type\":\"ImageObject\",\"inLanguage\":\"en-US\",\"@id\":\"https:\/\/greshop.es\/producto\/piscina-gre-finlandia-de-acero-con-decoracion-nordica-kit240n-240x240x120\/#primaryimage\",\"url\":\"https:\/\/greshop.es\/wp-content\/uploads\/2023\/03\/KITPR558N_20.avif\",\"contentUrl\":\"https:\/\/greshop.es\/wp-content\/uploads\/2023\/03\/KITPR558N_20.avif\",\"width\":800,\"height\":800},{\"@type\":\"BreadcrumbList\",\"@id\":\"https:\/\/greshop.es\/producto\/piscina-gre-finlandia-de-acero-con-decoracion-nordica-kit240n-240x240x120\/#breadcrumb\",\"itemListElement\":[{\"@type\":\"ListItem\",\"position\":1,\"name\":\"Inicio\",\"item\":\"https:\/\/greshop.es\/\"},{\"@type\":\"ListItem\",\"position\":2,\"name\":\"Tienda\",\"item\":\"https:\/\/greshop.es\/tienda\/\"},{\"@type\":\"ListItem\",\"position\":3,\"name\":\"Piscina Gre Finlandia de acero con decoraci\u00f3n nordica KIT240N 240x240x120\"}]},{\"@type\":\"WebSite\",\"@id\":\"https:\/\/greshop.es\/#website\",\"url\":\"https:\/\/greshop.es\/\",\"name\":\"Greshop\",\"description\":\"Tienda online de piscinas desmontables Gre\",\"publisher\":{\"@id\":\"https:\/\/greshop.es\/#organization\"},\"potentialAction\":[{\"@type\":\"SearchAction\",\"target\":{\"@type\":\"EntryPoint\",\"urlTemplate\":\"https:\/\/greshop.es\/?s={search_term_string}\"},\"query-input\":{\"@type\":\"PropertyValueSpecification\",\"valueRequired\":true,\"valueName\":\"search_term_string\"}}],\"inLanguage\":\"en-US\"},{\"@type\":\"Organization\",\"@id\":\"https:\/\/greshop.es\/#organization\",\"name\":\"Camino Verde Group S.L.\",\"url\":\"https:\/\/greshop.es\/\",\"logo\":{\"@type\":\"ImageObject\",\"inLanguage\":\"en-US\",\"@id\":\"https:\/\/greshop.es\/#\/schema\/logo\/image\/\",\"url\":\"https:\/\/greshop.es\/wp-content\/uploads\/2022\/06\/cropped-cropped-LOGO_V3.avif\",\"contentUrl\":\"https:\/\/greshop.es\/wp-content\/uploads\/2022\/06\/cropped-cropped-LOGO_V3.avif\",\"width\":402,\"height\":390,\"caption\":\"Camino Verde Group S.L.\"},\"image\":{\"@id\":\"https:\/\/greshop.es\/#\/schema\/logo\/image\/\"}}]}<\/script>\n<!-- \/ Yoast SEO plugin. -->","yoast_head_json":{"title":"Piscinas GRE | Comprar KIT240N 240x240x120","description":"Compra ahora tu piscina GRE KIT240N en tienda online al mejor precio con 5 a\u00f1os de garant\u00eda. \u00a1Entregamos tu pedido GRATIS!","robots":{"index":"index","follow":"follow","max-snippet":"max-snippet:-1","max-image-preview":"max-image-preview:large","max-video-preview":"max-video-preview:-1"},"canonical":"https:\/\/greshop.es\/en\/product\/piscina-gre-finlandia-de-acero-con-decoracion-nordica-kit240n-240x240x120\/","og_locale":"en_US","og_type":"article","og_title":"Piscinas GRE | Comprar KIT240N 240x240x120","og_description":"Compra ahora tu piscina GRE KIT240N en tienda online al mejor precio con 5 a\u00f1os de garant\u00eda. \u00a1Entregamos tu pedido GRATIS!","og_url":"https:\/\/greshop.es\/en\/product\/piscina-gre-finlandia-de-acero-con-decoracion-nordica-kit240n-240x240x120\/","og_site_name":"Greshop","article_modified_time":"2024-07-15T11:27:36+00:00","og_image":[{"width":800,"height":800,"url":"https:\/\/greshop.es\/wp-content\/uploads\/2023\/03\/KITPR558N_20.jpg","type":"image\/jpeg"}],"twitter_card":"summary_large_image","twitter_misc":{"Est. reading time":"1 minute"},"schema":{"@context":"https:\/\/schema.org","@graph":[{"@type":"WebPage","@id":"https:\/\/greshop.es\/producto\/piscina-gre-finlandia-de-acero-con-decoracion-nordica-kit240n-240x240x120\/","url":"https:\/\/greshop.es\/producto\/piscina-gre-finlandia-de-acero-con-decoracion-nordica-kit240n-240x240x120\/","name":"Piscinas GRE | Comprar KIT240N 240x240x120","isPartOf":{"@id":"https:\/\/greshop.es\/#website"},"primaryImageOfPage":{"@id":"https:\/\/greshop.es\/producto\/piscina-gre-finlandia-de-acero-con-decoracion-nordica-kit240n-240x240x120\/#primaryimage"},"image":{"@id":"https:\/\/greshop.es\/producto\/piscina-gre-finlandia-de-acero-con-decoracion-nordica-kit240n-240x240x120\/#primaryimage"},"thumbnailUrl":"https:\/\/greshop.es\/wp-content\/uploads\/2023\/03\/KITPR558N_20.avif","datePublished":"2023-03-03T17:51:05+00:00","dateModified":"2024-07-15T11:27:36+00:00","description":"Compra ahora tu piscina GRE KIT240N en tienda online al mejor precio con 5 a\u00f1os de garant\u00eda. \u00a1Entregamos tu pedido GRATIS!","breadcrumb":{"@id":"https:\/\/greshop.es\/producto\/piscina-gre-finlandia-de-acero-con-decoracion-nordica-kit240n-240x240x120\/#breadcrumb"},"inLanguage":"en-US","potentialAction":[{"@type":"ReadAction","target":["https:\/\/greshop.es\/producto\/piscina-gre-finlandia-de-acero-con-decoracion-nordica-kit240n-240x240x120\/"]}]},{"@type":"ImageObject","inLanguage":"en-US","@id":"https:\/\/greshop.es\/producto\/piscina-gre-finlandia-de-acero-con-decoracion-nordica-kit240n-240x240x120\/#primaryimage","url":"https:\/\/greshop.es\/wp-content\/uploads\/2023\/03\/KITPR558N_20.avif","contentUrl":"https:\/\/greshop.es\/wp-content\/uploads\/2023\/03\/KITPR558N_20.avif","width":800,"height":800},{"@type":"BreadcrumbList","@id":"https:\/\/greshop.es\/producto\/piscina-gre-finlandia-de-acero-con-decoracion-nordica-kit240n-240x240x120\/#breadcrumb","itemListElement":[{"@type":"ListItem","position":1,"name":"Inicio","item":"https:\/\/greshop.es\/"},{"@type":"ListItem","position":2,"name":"Tienda","item":"https:\/\/greshop.es\/tienda\/"},{"@type":"ListItem","position":3,"name":"Piscina Gre Finlandia de acero con decoraci\u00f3n nordica KIT240N 240x240x120"}]},{"@type":"WebSite","@id":"https:\/\/greshop.es\/#website","url":"https:\/\/greshop.es\/","name":"Greshop","description":"Tienda online de piscinas desmontables Gre","publisher":{"@id":"https:\/\/greshop.es\/#organization"},"potentialAction":[{"@type":"SearchAction","target":{"@type":"EntryPoint","urlTemplate":"https:\/\/greshop.es\/?s={search_term_string}"},"query-input":{"@type":"PropertyValueSpecification","valueRequired":true,"valueName":"search_term_string"}}],"inLanguage":"en-US"},{"@type":"Organization","@id":"https:\/\/greshop.es\/#organization","name":"Camino Verde Group S.L.","url":"https:\/\/greshop.es\/","logo":{"@type":"ImageObject","inLanguage":"en-US","@id":"https:\/\/greshop.es\/#\/schema\/logo\/image\/","url":"https:\/\/greshop.es\/wp-content\/uploads\/2022\/06\/cropped-cropped-LOGO_V3.avif","contentUrl":"https:\/\/greshop.es\/wp-content\/uploads\/2022\/06\/cropped-cropped-LOGO_V3.avif","width":402,"height":390,"caption":"Camino Verde Group S.L."},"image":{"@id":"https:\/\/greshop.es\/#\/schema\/logo\/image\/"}}]}},"_links":{"self":[{"href":"https:\/\/greshop.es\/en\/wp-json\/wp\/v2\/product\/438","targetHints":{"allow":["GET"]}}],"collection":[{"href":"https:\/\/greshop.es\/en\/wp-json\/wp\/v2\/product"}],"about":[{"href":"https:\/\/greshop.es\/en\/wp-json\/wp\/v2\/types\/product"}],"replies":[{"embeddable":true,"href":"https:\/\/greshop.es\/en\/wp-json\/wp\/v2\/comments?post=438"}],"wp:featuredmedia":[{"embeddable":true,"href":"https:\/\/greshop.es\/en\/wp-json\/wp\/v2\/media\/677"}],"wp:attachment":[{"href":"https:\/\/greshop.es\/en\/wp-json\/wp\/v2\/media?parent=438"}],"wp:term":[{"taxonomy":"product_brand","embeddable":true,"href":"https:\/\/greshop.es\/en\/wp-json\/wp\/v2\/product_brand?post=438"},{"taxonomy":"product_cat","embeddable":true,"href":"https:\/\/greshop.es\/en\/wp-json\/wp\/v2\/product_cat?post=438"},{"taxonomy":"product_tag","embeddable":true,"href":"https:\/\/greshop.es\/en\/wp-json\/wp\/v2\/product_tag?post=438"}],"curies":[{"name":"wp","href":"https:\/\/api.w.org\/{rel}","templated":true}]}}