{"id":644,"date":"2023-03-08T13:48:07","date_gmt":"2023-03-08T13:48:07","guid":{"rendered":"https:\/\/greshop.es\/?post_type=product&#038;p=644"},"modified":"2023-03-14T11:30:22","modified_gmt":"2023-03-14T11:30:22","slug":"skimmer-gre-color-blanco","status":"publish","type":"product","link":"https:\/\/greshop.es\/en\/product\/skimmer-gre-color-blanco\/","title":{"rendered":"Skimmer GRE color blanco AR100"},"content":{"rendered":"<p>Los skimmers de GRE se adaptan a la gama de piscinas de GRE y est\u00e1n disponibles en varios colores: blanco marr\u00f3n y gris.<\/p>\n<p class=\"t-h4\"><strong>Equipamiento:<\/strong><\/p>\n<ul>\n<li>Skimmer color blanco para piscina desmontables<\/li>\n<li>Apto para todos los modelos de piscinas elevadas excepto autoportantes<\/li>\n<li>Incluye boquilla de impulsi\u00f3n<\/li>\n<li>El skimmer se ofrece con la compuerta cesto y tapa circular superior marco embellecedor de sujeci\u00f3n junta doble de estanqueidad boquilla de impulsi\u00f3n tapa para conexi\u00f3n de limpiafondos y con racores compatibles para manguera de 32 y 38 mm<\/li>\n<\/ul>","protected":false},"excerpt":{"rendered":"<h3>Skimmer GRE color blanco<\/h3>\n<ul>\n<li>Medida: 24 x 21,5 x 31 cm<\/li>\n<li>Color: blanco<\/li>\n<\/ul>","protected":false},"featured_media":743,"comment_status":"open","ping_status":"closed","template":"","meta":[],"product_brand":[],"product_cat":[24],"product_tag":[],"class_list":{"0":"post-644","1":"product","2":"type-product","3":"status-publish","4":"has-post-thumbnail","6":"product_cat-recambios","8":"first","9":"instock","10":"shipping-taxable","11":"purchasable","12":"product-type-simple"},"yoast_head":"<!-- This site is optimized with the Yoast SEO plugin v25.8 - https:\/\/yoast.com\/wordpress\/plugins\/seo\/ -->\n<title>Skimmer GRE color blanco AR100 - Greshop<\/title>\n<meta name=\"description\" content=\"Compra recambios para tu piscina GRE en nuestra tienda online GRESHOP.ES. Hacemos envios en toda Espa\u00f1a peninsula. Tenemos servicio de instalaci\u00f3n.\" \/>\n<meta name=\"robots\" content=\"index, follow, max-snippet:-1, max-image-preview:large, max-video-preview:-1\" \/>\n<link rel=\"canonical\" href=\"https:\/\/greshop.es\/en\/product\/skimmer-gre-color-blanco\/\" \/>\n<meta property=\"og:locale\" content=\"en_US\" \/>\n<meta property=\"og:type\" content=\"article\" \/>\n<meta property=\"og:title\" content=\"Skimmer GRE color blanco AR100 - Greshop\" \/>\n<meta property=\"og:description\" content=\"Compra recambios para tu piscina GRE en nuestra tienda online GRESHOP.ES. Hacemos envios en toda Espa\u00f1a peninsula. Tenemos servicio de instalaci\u00f3n.\" \/>\n<meta property=\"og:url\" content=\"https:\/\/greshop.es\/en\/product\/skimmer-gre-color-blanco\/\" \/>\n<meta property=\"og:site_name\" content=\"Greshop\" \/>\n<meta property=\"article:modified_time\" content=\"2023-03-14T11:30:22+00:00\" \/>\n<meta property=\"og:image\" content=\"https:\/\/greshop.es\/wp-content\/uploads\/2023\/03\/AR100_14-jpg.webp\" \/>\n\t<meta property=\"og:image:width\" content=\"1644\" \/>\n\t<meta property=\"og:image:height\" content=\"1275\" \/>\n\t<meta property=\"og:image:type\" content=\"image\/jpeg\" \/>\n<meta name=\"twitter:card\" content=\"summary_large_image\" \/>\n<meta name=\"twitter:label1\" content=\"Est. reading time\" \/>\n\t<meta name=\"twitter:data1\" content=\"1 minute\" \/>\n<script type=\"application\/ld+json\" class=\"yoast-schema-graph\">{\"@context\":\"https:\/\/schema.org\",\"@graph\":[{\"@type\":\"WebPage\",\"@id\":\"https:\/\/greshop.es\/producto\/skimmer-gre-color-blanco\/\",\"url\":\"https:\/\/greshop.es\/producto\/skimmer-gre-color-blanco\/\",\"name\":\"Skimmer GRE color blanco AR100 - Greshop\",\"isPartOf\":{\"@id\":\"https:\/\/greshop.es\/#website\"},\"primaryImageOfPage\":{\"@id\":\"https:\/\/greshop.es\/producto\/skimmer-gre-color-blanco\/#primaryimage\"},\"image\":{\"@id\":\"https:\/\/greshop.es\/producto\/skimmer-gre-color-blanco\/#primaryimage\"},\"thumbnailUrl\":\"https:\/\/greshop.es\/wp-content\/uploads\/2023\/03\/AR100_14-jpg.avif\",\"datePublished\":\"2023-03-08T13:48:07+00:00\",\"dateModified\":\"2023-03-14T11:30:22+00:00\",\"description\":\"Compra recambios para tu piscina GRE en nuestra tienda online GRESHOP.ES. Hacemos envios en toda Espa\u00f1a peninsula. Tenemos servicio de instalaci\u00f3n.\",\"breadcrumb\":{\"@id\":\"https:\/\/greshop.es\/producto\/skimmer-gre-color-blanco\/#breadcrumb\"},\"inLanguage\":\"en-US\",\"potentialAction\":[{\"@type\":\"ReadAction\",\"target\":[\"https:\/\/greshop.es\/producto\/skimmer-gre-color-blanco\/\"]}]},{\"@type\":\"ImageObject\",\"inLanguage\":\"en-US\",\"@id\":\"https:\/\/greshop.es\/producto\/skimmer-gre-color-blanco\/#primaryimage\",\"url\":\"https:\/\/greshop.es\/wp-content\/uploads\/2023\/03\/AR100_14-jpg.avif\",\"contentUrl\":\"https:\/\/greshop.es\/wp-content\/uploads\/2023\/03\/AR100_14-jpg.avif\",\"width\":1644,\"height\":1275},{\"@type\":\"BreadcrumbList\",\"@id\":\"https:\/\/greshop.es\/producto\/skimmer-gre-color-blanco\/#breadcrumb\",\"itemListElement\":[{\"@type\":\"ListItem\",\"position\":1,\"name\":\"Inicio\",\"item\":\"https:\/\/greshop.es\/\"},{\"@type\":\"ListItem\",\"position\":2,\"name\":\"Tienda\",\"item\":\"https:\/\/greshop.es\/tienda\/\"},{\"@type\":\"ListItem\",\"position\":3,\"name\":\"Skimmer GRE color blanco AR100\"}]},{\"@type\":\"WebSite\",\"@id\":\"https:\/\/greshop.es\/#website\",\"url\":\"https:\/\/greshop.es\/\",\"name\":\"Greshop\",\"description\":\"Tienda online de piscinas desmontables Gre\",\"publisher\":{\"@id\":\"https:\/\/greshop.es\/#organization\"},\"potentialAction\":[{\"@type\":\"SearchAction\",\"target\":{\"@type\":\"EntryPoint\",\"urlTemplate\":\"https:\/\/greshop.es\/?s={search_term_string}\"},\"query-input\":{\"@type\":\"PropertyValueSpecification\",\"valueRequired\":true,\"valueName\":\"search_term_string\"}}],\"inLanguage\":\"en-US\"},{\"@type\":\"Organization\",\"@id\":\"https:\/\/greshop.es\/#organization\",\"name\":\"Camino Verde Group S.L.\",\"url\":\"https:\/\/greshop.es\/\",\"logo\":{\"@type\":\"ImageObject\",\"inLanguage\":\"en-US\",\"@id\":\"https:\/\/greshop.es\/#\/schema\/logo\/image\/\",\"url\":\"https:\/\/greshop.es\/wp-content\/uploads\/2022\/06\/cropped-cropped-LOGO_V3.avif\",\"contentUrl\":\"https:\/\/greshop.es\/wp-content\/uploads\/2022\/06\/cropped-cropped-LOGO_V3.avif\",\"width\":402,\"height\":390,\"caption\":\"Camino Verde Group S.L.\"},\"image\":{\"@id\":\"https:\/\/greshop.es\/#\/schema\/logo\/image\/\"}}]}<\/script>\n<!-- \/ Yoast SEO plugin. -->","yoast_head_json":{"title":"Skimmer GRE color blanco AR100 - Greshop","description":"Compra recambios para tu piscina GRE en nuestra tienda online GRESHOP.ES. Hacemos envios en toda Espa\u00f1a peninsula. Tenemos servicio de instalaci\u00f3n.","robots":{"index":"index","follow":"follow","max-snippet":"max-snippet:-1","max-image-preview":"max-image-preview:large","max-video-preview":"max-video-preview:-1"},"canonical":"https:\/\/greshop.es\/en\/product\/skimmer-gre-color-blanco\/","og_locale":"en_US","og_type":"article","og_title":"Skimmer GRE color blanco AR100 - Greshop","og_description":"Compra recambios para tu piscina GRE en nuestra tienda online GRESHOP.ES. Hacemos envios en toda Espa\u00f1a peninsula. Tenemos servicio de instalaci\u00f3n.","og_url":"https:\/\/greshop.es\/en\/product\/skimmer-gre-color-blanco\/","og_site_name":"Greshop","article_modified_time":"2023-03-14T11:30:22+00:00","og_image":[{"width":1644,"height":1275,"url":"https:\/\/greshop.es\/wp-content\/uploads\/2023\/03\/AR100_14-jpg.webp","type":"image\/jpeg"}],"twitter_card":"summary_large_image","twitter_misc":{"Est. reading time":"1 minute"},"schema":{"@context":"https:\/\/schema.org","@graph":[{"@type":"WebPage","@id":"https:\/\/greshop.es\/producto\/skimmer-gre-color-blanco\/","url":"https:\/\/greshop.es\/producto\/skimmer-gre-color-blanco\/","name":"Skimmer GRE color blanco AR100 - Greshop","isPartOf":{"@id":"https:\/\/greshop.es\/#website"},"primaryImageOfPage":{"@id":"https:\/\/greshop.es\/producto\/skimmer-gre-color-blanco\/#primaryimage"},"image":{"@id":"https:\/\/greshop.es\/producto\/skimmer-gre-color-blanco\/#primaryimage"},"thumbnailUrl":"https:\/\/greshop.es\/wp-content\/uploads\/2023\/03\/AR100_14-jpg.avif","datePublished":"2023-03-08T13:48:07+00:00","dateModified":"2023-03-14T11:30:22+00:00","description":"Compra recambios para tu piscina GRE en nuestra tienda online GRESHOP.ES. Hacemos envios en toda Espa\u00f1a peninsula. Tenemos servicio de instalaci\u00f3n.","breadcrumb":{"@id":"https:\/\/greshop.es\/producto\/skimmer-gre-color-blanco\/#breadcrumb"},"inLanguage":"en-US","potentialAction":[{"@type":"ReadAction","target":["https:\/\/greshop.es\/producto\/skimmer-gre-color-blanco\/"]}]},{"@type":"ImageObject","inLanguage":"en-US","@id":"https:\/\/greshop.es\/producto\/skimmer-gre-color-blanco\/#primaryimage","url":"https:\/\/greshop.es\/wp-content\/uploads\/2023\/03\/AR100_14-jpg.avif","contentUrl":"https:\/\/greshop.es\/wp-content\/uploads\/2023\/03\/AR100_14-jpg.avif","width":1644,"height":1275},{"@type":"BreadcrumbList","@id":"https:\/\/greshop.es\/producto\/skimmer-gre-color-blanco\/#breadcrumb","itemListElement":[{"@type":"ListItem","position":1,"name":"Inicio","item":"https:\/\/greshop.es\/"},{"@type":"ListItem","position":2,"name":"Tienda","item":"https:\/\/greshop.es\/tienda\/"},{"@type":"ListItem","position":3,"name":"Skimmer GRE color blanco AR100"}]},{"@type":"WebSite","@id":"https:\/\/greshop.es\/#website","url":"https:\/\/greshop.es\/","name":"Greshop","description":"Tienda online de piscinas desmontables Gre","publisher":{"@id":"https:\/\/greshop.es\/#organization"},"potentialAction":[{"@type":"SearchAction","target":{"@type":"EntryPoint","urlTemplate":"https:\/\/greshop.es\/?s={search_term_string}"},"query-input":{"@type":"PropertyValueSpecification","valueRequired":true,"valueName":"search_term_string"}}],"inLanguage":"en-US"},{"@type":"Organization","@id":"https:\/\/greshop.es\/#organization","name":"Camino Verde Group S.L.","url":"https:\/\/greshop.es\/","logo":{"@type":"ImageObject","inLanguage":"en-US","@id":"https:\/\/greshop.es\/#\/schema\/logo\/image\/","url":"https:\/\/greshop.es\/wp-content\/uploads\/2022\/06\/cropped-cropped-LOGO_V3.avif","contentUrl":"https:\/\/greshop.es\/wp-content\/uploads\/2022\/06\/cropped-cropped-LOGO_V3.avif","width":402,"height":390,"caption":"Camino Verde Group S.L."},"image":{"@id":"https:\/\/greshop.es\/#\/schema\/logo\/image\/"}}]}},"_links":{"self":[{"href":"https:\/\/greshop.es\/en\/wp-json\/wp\/v2\/product\/644","targetHints":{"allow":["GET"]}}],"collection":[{"href":"https:\/\/greshop.es\/en\/wp-json\/wp\/v2\/product"}],"about":[{"href":"https:\/\/greshop.es\/en\/wp-json\/wp\/v2\/types\/product"}],"replies":[{"embeddable":true,"href":"https:\/\/greshop.es\/en\/wp-json\/wp\/v2\/comments?post=644"}],"wp:featuredmedia":[{"embeddable":true,"href":"https:\/\/greshop.es\/en\/wp-json\/wp\/v2\/media\/743"}],"wp:attachment":[{"href":"https:\/\/greshop.es\/en\/wp-json\/wp\/v2\/media?parent=644"}],"wp:term":[{"taxonomy":"product_brand","embeddable":true,"href":"https:\/\/greshop.es\/en\/wp-json\/wp\/v2\/product_brand?post=644"},{"taxonomy":"product_cat","embeddable":true,"href":"https:\/\/greshop.es\/en\/wp-json\/wp\/v2\/product_cat?post=644"},{"taxonomy":"product_tag","embeddable":true,"href":"https:\/\/greshop.es\/en\/wp-json\/wp\/v2\/product_tag?post=644"}],"curies":[{"name":"wp","href":"https:\/\/api.w.org\/{rel}","templated":true}]}}