{"id":812,"date":"2023-03-09T18:51:54","date_gmt":"2023-03-09T18:51:54","guid":{"rendered":"https:\/\/greshop.es\/?post_type=product&#038;p=812"},"modified":"2023-03-22T10:29:44","modified_gmt":"2023-03-22T10:29:44","slug":"2-proyectores-led-para-piscina-elevada","status":"publish","type":"product","link":"https:\/\/greshop.es\/en\/product\/2-proyectores-led-para-piscina-elevada\/","title":{"rendered":"2 proyectores LED para piscina elevada"},"content":{"rendered":"<p>Caracter\u00edsticas:<\/p>\n<ul>\n<li>Conjunto de 2 proyectores LED blancos para piscinas desmontables de acero<\/li>\n<li>F\u00e1cil Instalaci\u00f3n: se pega a la chapa mediante un im\u00e1n<\/li>\n<li>Tecnolog\u00eda LED de bajo consumo<\/li>\n<li>Potencia: 08 W<\/li>\n<li>Incorpora mando a distancia para un f\u00e1cil manejo<\/li>\n<li>Fuente de alimentaci\u00f3n: 186 mA<\/li>\n<li>Necesita 3 pilas tipo AA (No incluidas)<\/li>\n<li>Medida: \u00d815 x 3 cm<\/li>\n<\/ul>","protected":false},"excerpt":{"rendered":"<h3>Iluminaci\u00f3n para piscinas elevadas<\/h3>\n<ul>\n<li>2 proyectores LED<\/li>\n<li>Tipo de iluminaci\u00f3n BLANCO<\/li>\n<\/ul>\n<p>&nbsp;<\/p>","protected":false},"featured_media":917,"comment_status":"open","ping_status":"closed","template":"","meta":[],"product_brand":[],"product_cat":[23],"product_tag":[],"class_list":{"0":"post-812","1":"product","2":"type-product","3":"status-publish","4":"has-post-thumbnail","6":"product_cat-accesorios","8":"first","9":"instock","10":"sold-individually","11":"shipping-taxable","12":"purchasable","13":"product-type-simple"},"yoast_head":"<!-- This site is optimized with the Yoast SEO plugin v25.8 - https:\/\/yoast.com\/wordpress\/plugins\/seo\/ -->\n<title>2 proyectores LED para piscina elevada - Greshop<\/title>\n<meta name=\"description\" content=\"Compra la iluminaci\u00f3n de dos proyectores LED para piscina elevada PLED2 . Tenemos gran variedad de piscinas desmontables GRE al mejor precio.\" \/>\n<meta name=\"robots\" content=\"index, follow, max-snippet:-1, max-image-preview:large, max-video-preview:-1\" \/>\n<link rel=\"canonical\" href=\"https:\/\/greshop.es\/en\/product\/2-proyectores-led-para-piscina-elevada\/\" \/>\n<meta property=\"og:locale\" content=\"en_US\" \/>\n<meta property=\"og:type\" content=\"article\" \/>\n<meta property=\"og:title\" content=\"2 proyectores LED para piscina elevada - Greshop\" \/>\n<meta property=\"og:description\" content=\"Compra la iluminaci\u00f3n de dos proyectores LED para piscina elevada PLED2 . Tenemos gran variedad de piscinas desmontables GRE al mejor precio.\" \/>\n<meta property=\"og:url\" content=\"https:\/\/greshop.es\/en\/product\/2-proyectores-led-para-piscina-elevada\/\" \/>\n<meta property=\"og:site_name\" content=\"Greshop\" \/>\n<meta property=\"article:modified_time\" content=\"2023-03-22T10:29:44+00:00\" \/>\n<meta property=\"og:image\" content=\"https:\/\/greshop.es\/wp-content\/uploads\/2023\/03\/PLED2_14-jpg.webp\" \/>\n\t<meta property=\"og:image:width\" content=\"1808\" \/>\n\t<meta property=\"og:image:height\" content=\"1159\" \/>\n\t<meta property=\"og:image:type\" content=\"image\/jpeg\" \/>\n<meta name=\"twitter:card\" content=\"summary_large_image\" \/>\n<meta name=\"twitter:label1\" content=\"Est. reading time\" \/>\n\t<meta name=\"twitter:data1\" content=\"1 minute\" \/>\n<script type=\"application\/ld+json\" class=\"yoast-schema-graph\">{\"@context\":\"https:\/\/schema.org\",\"@graph\":[{\"@type\":\"WebPage\",\"@id\":\"https:\/\/greshop.es\/producto\/2-proyectores-led-para-piscina-elevada\/\",\"url\":\"https:\/\/greshop.es\/producto\/2-proyectores-led-para-piscina-elevada\/\",\"name\":\"2 proyectores LED para piscina elevada - Greshop\",\"isPartOf\":{\"@id\":\"https:\/\/greshop.es\/#website\"},\"primaryImageOfPage\":{\"@id\":\"https:\/\/greshop.es\/producto\/2-proyectores-led-para-piscina-elevada\/#primaryimage\"},\"image\":{\"@id\":\"https:\/\/greshop.es\/producto\/2-proyectores-led-para-piscina-elevada\/#primaryimage\"},\"thumbnailUrl\":\"https:\/\/greshop.es\/wp-content\/uploads\/2023\/03\/PLED2_14-jpg.avif\",\"datePublished\":\"2023-03-09T18:51:54+00:00\",\"dateModified\":\"2023-03-22T10:29:44+00:00\",\"description\":\"Compra la iluminaci\u00f3n de dos proyectores LED para piscina elevada PLED2 . Tenemos gran variedad de piscinas desmontables GRE al mejor precio.\",\"breadcrumb\":{\"@id\":\"https:\/\/greshop.es\/producto\/2-proyectores-led-para-piscina-elevada\/#breadcrumb\"},\"inLanguage\":\"en-US\",\"potentialAction\":[{\"@type\":\"ReadAction\",\"target\":[\"https:\/\/greshop.es\/producto\/2-proyectores-led-para-piscina-elevada\/\"]}]},{\"@type\":\"ImageObject\",\"inLanguage\":\"en-US\",\"@id\":\"https:\/\/greshop.es\/producto\/2-proyectores-led-para-piscina-elevada\/#primaryimage\",\"url\":\"https:\/\/greshop.es\/wp-content\/uploads\/2023\/03\/PLED2_14-jpg.avif\",\"contentUrl\":\"https:\/\/greshop.es\/wp-content\/uploads\/2023\/03\/PLED2_14-jpg.avif\",\"width\":1808,\"height\":1159},{\"@type\":\"BreadcrumbList\",\"@id\":\"https:\/\/greshop.es\/producto\/2-proyectores-led-para-piscina-elevada\/#breadcrumb\",\"itemListElement\":[{\"@type\":\"ListItem\",\"position\":1,\"name\":\"Inicio\",\"item\":\"https:\/\/greshop.es\/\"},{\"@type\":\"ListItem\",\"position\":2,\"name\":\"Tienda\",\"item\":\"https:\/\/greshop.es\/tienda\/\"},{\"@type\":\"ListItem\",\"position\":3,\"name\":\"2 proyectores LED para piscina elevada\"}]},{\"@type\":\"WebSite\",\"@id\":\"https:\/\/greshop.es\/#website\",\"url\":\"https:\/\/greshop.es\/\",\"name\":\"Greshop\",\"description\":\"Tienda online de piscinas desmontables Gre\",\"publisher\":{\"@id\":\"https:\/\/greshop.es\/#organization\"},\"potentialAction\":[{\"@type\":\"SearchAction\",\"target\":{\"@type\":\"EntryPoint\",\"urlTemplate\":\"https:\/\/greshop.es\/?s={search_term_string}\"},\"query-input\":{\"@type\":\"PropertyValueSpecification\",\"valueRequired\":true,\"valueName\":\"search_term_string\"}}],\"inLanguage\":\"en-US\"},{\"@type\":\"Organization\",\"@id\":\"https:\/\/greshop.es\/#organization\",\"name\":\"Camino Verde Group S.L.\",\"url\":\"https:\/\/greshop.es\/\",\"logo\":{\"@type\":\"ImageObject\",\"inLanguage\":\"en-US\",\"@id\":\"https:\/\/greshop.es\/#\/schema\/logo\/image\/\",\"url\":\"https:\/\/greshop.es\/wp-content\/uploads\/2022\/06\/cropped-cropped-LOGO_V3.avif\",\"contentUrl\":\"https:\/\/greshop.es\/wp-content\/uploads\/2022\/06\/cropped-cropped-LOGO_V3.avif\",\"width\":402,\"height\":390,\"caption\":\"Camino Verde Group S.L.\"},\"image\":{\"@id\":\"https:\/\/greshop.es\/#\/schema\/logo\/image\/\"}}]}<\/script>\n<!-- \/ Yoast SEO plugin. -->","yoast_head_json":{"title":"2 proyectores LED para piscina elevada - Greshop","description":"Compra la iluminaci\u00f3n de dos proyectores LED para piscina elevada PLED2 . Tenemos gran variedad de piscinas desmontables GRE al mejor precio.","robots":{"index":"index","follow":"follow","max-snippet":"max-snippet:-1","max-image-preview":"max-image-preview:large","max-video-preview":"max-video-preview:-1"},"canonical":"https:\/\/greshop.es\/en\/product\/2-proyectores-led-para-piscina-elevada\/","og_locale":"en_US","og_type":"article","og_title":"2 proyectores LED para piscina elevada - Greshop","og_description":"Compra la iluminaci\u00f3n de dos proyectores LED para piscina elevada PLED2 . Tenemos gran variedad de piscinas desmontables GRE al mejor precio.","og_url":"https:\/\/greshop.es\/en\/product\/2-proyectores-led-para-piscina-elevada\/","og_site_name":"Greshop","article_modified_time":"2023-03-22T10:29:44+00:00","og_image":[{"width":1808,"height":1159,"url":"https:\/\/greshop.es\/wp-content\/uploads\/2023\/03\/PLED2_14-jpg.webp","type":"image\/jpeg"}],"twitter_card":"summary_large_image","twitter_misc":{"Est. reading time":"1 minute"},"schema":{"@context":"https:\/\/schema.org","@graph":[{"@type":"WebPage","@id":"https:\/\/greshop.es\/producto\/2-proyectores-led-para-piscina-elevada\/","url":"https:\/\/greshop.es\/producto\/2-proyectores-led-para-piscina-elevada\/","name":"2 proyectores LED para piscina elevada - Greshop","isPartOf":{"@id":"https:\/\/greshop.es\/#website"},"primaryImageOfPage":{"@id":"https:\/\/greshop.es\/producto\/2-proyectores-led-para-piscina-elevada\/#primaryimage"},"image":{"@id":"https:\/\/greshop.es\/producto\/2-proyectores-led-para-piscina-elevada\/#primaryimage"},"thumbnailUrl":"https:\/\/greshop.es\/wp-content\/uploads\/2023\/03\/PLED2_14-jpg.avif","datePublished":"2023-03-09T18:51:54+00:00","dateModified":"2023-03-22T10:29:44+00:00","description":"Compra la iluminaci\u00f3n de dos proyectores LED para piscina elevada PLED2 . Tenemos gran variedad de piscinas desmontables GRE al mejor precio.","breadcrumb":{"@id":"https:\/\/greshop.es\/producto\/2-proyectores-led-para-piscina-elevada\/#breadcrumb"},"inLanguage":"en-US","potentialAction":[{"@type":"ReadAction","target":["https:\/\/greshop.es\/producto\/2-proyectores-led-para-piscina-elevada\/"]}]},{"@type":"ImageObject","inLanguage":"en-US","@id":"https:\/\/greshop.es\/producto\/2-proyectores-led-para-piscina-elevada\/#primaryimage","url":"https:\/\/greshop.es\/wp-content\/uploads\/2023\/03\/PLED2_14-jpg.avif","contentUrl":"https:\/\/greshop.es\/wp-content\/uploads\/2023\/03\/PLED2_14-jpg.avif","width":1808,"height":1159},{"@type":"BreadcrumbList","@id":"https:\/\/greshop.es\/producto\/2-proyectores-led-para-piscina-elevada\/#breadcrumb","itemListElement":[{"@type":"ListItem","position":1,"name":"Inicio","item":"https:\/\/greshop.es\/"},{"@type":"ListItem","position":2,"name":"Tienda","item":"https:\/\/greshop.es\/tienda\/"},{"@type":"ListItem","position":3,"name":"2 proyectores LED para piscina elevada"}]},{"@type":"WebSite","@id":"https:\/\/greshop.es\/#website","url":"https:\/\/greshop.es\/","name":"Greshop","description":"Tienda online de piscinas desmontables Gre","publisher":{"@id":"https:\/\/greshop.es\/#organization"},"potentialAction":[{"@type":"SearchAction","target":{"@type":"EntryPoint","urlTemplate":"https:\/\/greshop.es\/?s={search_term_string}"},"query-input":{"@type":"PropertyValueSpecification","valueRequired":true,"valueName":"search_term_string"}}],"inLanguage":"en-US"},{"@type":"Organization","@id":"https:\/\/greshop.es\/#organization","name":"Camino Verde Group S.L.","url":"https:\/\/greshop.es\/","logo":{"@type":"ImageObject","inLanguage":"en-US","@id":"https:\/\/greshop.es\/#\/schema\/logo\/image\/","url":"https:\/\/greshop.es\/wp-content\/uploads\/2022\/06\/cropped-cropped-LOGO_V3.avif","contentUrl":"https:\/\/greshop.es\/wp-content\/uploads\/2022\/06\/cropped-cropped-LOGO_V3.avif","width":402,"height":390,"caption":"Camino Verde Group S.L."},"image":{"@id":"https:\/\/greshop.es\/#\/schema\/logo\/image\/"}}]}},"_links":{"self":[{"href":"https:\/\/greshop.es\/en\/wp-json\/wp\/v2\/product\/812","targetHints":{"allow":["GET"]}}],"collection":[{"href":"https:\/\/greshop.es\/en\/wp-json\/wp\/v2\/product"}],"about":[{"href":"https:\/\/greshop.es\/en\/wp-json\/wp\/v2\/types\/product"}],"replies":[{"embeddable":true,"href":"https:\/\/greshop.es\/en\/wp-json\/wp\/v2\/comments?post=812"}],"wp:featuredmedia":[{"embeddable":true,"href":"https:\/\/greshop.es\/en\/wp-json\/wp\/v2\/media\/917"}],"wp:attachment":[{"href":"https:\/\/greshop.es\/en\/wp-json\/wp\/v2\/media?parent=812"}],"wp:term":[{"taxonomy":"product_brand","embeddable":true,"href":"https:\/\/greshop.es\/en\/wp-json\/wp\/v2\/product_brand?post=812"},{"taxonomy":"product_cat","embeddable":true,"href":"https:\/\/greshop.es\/en\/wp-json\/wp\/v2\/product_cat?post=812"},{"taxonomy":"product_tag","embeddable":true,"href":"https:\/\/greshop.es\/en\/wp-json\/wp\/v2\/product_tag?post=812"}],"curies":[{"name":"wp","href":"https:\/\/api.w.org\/{rel}","templated":true}]}}